{"id":2736,"date":"2022-04-03T23:01:19","date_gmt":"2022-04-03T21:01:19","guid":{"rendered":"http:\/\/www.philippe-zerbib-architecte.fr\/maison-ossature-bois-architecte\/?page_id=2736"},"modified":"2022-04-06T11:16:29","modified_gmt":"2022-04-06T09:16:29","slug":"architecte-dplg-secteur-tertiaire-ile-de-france","status":"publish","type":"page","link":"http:\/\/www.philippe-zerbib-architecte.fr\/maison-ossature-bois-architecte\/architecte-dplg-secteur-tertiaire-ile-de-france\/","title":{"rendered":"B\u00e2timent tertiaire"},"content":{"rendered":"<p>[vc_row][vc_column]<h2 class='heading ' ><span>Un architecte DPLG au Service du secteur tertiaire en Ile-de-france<\/span><\/h2>[vc_column_text]Se faire accompagner par un architecte pour votre local commercial en Ile-de-France vous permettra de nombreux avantages. En effet, vous pourrez cr\u00e9er des espaces de vie sur mesure qui r\u00e9pondront pr\u00e9cis\u00e9ment \u00e0 vos besoins, que ce soit sur le court comme sur le long terme.[\/vc_column_text][vc_empty_space][\/vc_column][\/vc_row][vc_row][vc_column width=\u00a0\u00bb1\/2&Prime;][vc_empty_space height=\u00a0\u00bb20px\u00a0\u00bb][vc_single_image image=\u00a0\u00bb2731&Prime; img_size=\u00a0\u00bbfull\u00a0\u00bb alignment=\u00a0\u00bbcenter\u00a0\u00bb onclick=\u00a0\u00bblink_image\u00a0\u00bb][\/vc_column][vc_column width=\u00a0\u00bb1\/2&Prime;]<h2 class='heading ' ><span>Construction de votre b\u00e2timent tertiaire sur-mesure<\/span><\/h2>[vc_column_text]Votre architecte sera mobilis\u00e9 sur des missions pr\u00e9cises, telles que l&rsquo;agencement des volumes, des espaces, et le choix des mat\u00e9riaux, en fonction de vos envies de rendu, et enfin l&rsquo;utilisation de la lumi\u00e8re pour des espaces dynamiques et attractifs.<\/p>\n<p>Une fois le projet d\u00e9fini et approuv\u00e9 par vos soins, l&rsquo;architecte interviendra aupr\u00e8s des diff\u00e9rents entrepreneurs pour veiller \u00e0 ce que les travaux se passent bien, et coordonnera l&rsquo;ensemble du chantier.[\/vc_column_text][vc_empty_space height=\u00a0\u00bb10px\u00a0\u00bb]<h2 class='heading ' ><span>Votre projet et vous<\/span><\/h2>[vc_column_text]Vous souhaitez solliciter les services et comp\u00e9tences de notre architecte pour votre futur local commercial ? Toute notre \u00e9quipe de conseillers se tient \u00e0 votre disposition pour \u00e9tudier votre demande dans les moindres d\u00e9tails, et vous aider \u00e0 concr\u00e9tiser votre projet.[\/vc_column_text][\/vc_column][\/vc_row]<\/p>\n","protected":false},"excerpt":{"rendered":"<p>[vc_row][vc_column][vc_column_text]Se faire accompagner par un architecte pour votre local commercial en Ile-de-France vous permettra de nombreux avantages. En effet, vous pourrez cr\u00e9er des espaces de vie sur mesure qui r\u00e9pondront pr\u00e9cis\u00e9ment \u00e0 vos besoins, que ce soit sur le court&#8230;<\/p>\n","protected":false},"author":3,"featured_media":0,"parent":0,"menu_order":0,"comment_status":"closed","ping_status":"closed","template":"","meta":{"_monsterinsights_skip_tracking":false,"_monsterinsights_sitenote_active":false,"_monsterinsights_sitenote_note":"","_monsterinsights_sitenote_category":0,"footnotes":""},"class_list":["post-2736","page","type-page","status-publish","hentry"],"_links":{"self":[{"href":"http:\/\/www.philippe-zerbib-architecte.fr\/maison-ossature-bois-architecte\/wp-json\/wp\/v2\/pages\/2736","targetHints":{"allow":["GET"]}}],"collection":[{"href":"http:\/\/www.philippe-zerbib-architecte.fr\/maison-ossature-bois-architecte\/wp-json\/wp\/v2\/pages"}],"about":[{"href":"http:\/\/www.philippe-zerbib-architecte.fr\/maison-ossature-bois-architecte\/wp-json\/wp\/v2\/types\/page"}],"author":[{"embeddable":true,"href":"http:\/\/www.philippe-zerbib-architecte.fr\/maison-ossature-bois-architecte\/wp-json\/wp\/v2\/users\/3"}],"replies":[{"embeddable":true,"href":"http:\/\/www.philippe-zerbib-architecte.fr\/maison-ossature-bois-architecte\/wp-json\/wp\/v2\/comments?post=2736"}],"version-history":[{"count":5,"href":"http:\/\/www.philippe-zerbib-architecte.fr\/maison-ossature-bois-architecte\/wp-json\/wp\/v2\/pages\/2736\/revisions"}],"predecessor-version":[{"id":2789,"href":"http:\/\/www.philippe-zerbib-architecte.fr\/maison-ossature-bois-architecte\/wp-json\/wp\/v2\/pages\/2736\/revisions\/2789"}],"wp:attachment":[{"href":"http:\/\/www.philippe-zerbib-architecte.fr\/maison-ossature-bois-architecte\/wp-json\/wp\/v2\/media?parent=2736"}],"curies":[{"name":"wp","href":"https:\/\/api.w.org\/{rel}","templated":true}]}}