{"id":2728,"date":"2022-04-03T22:37:40","date_gmt":"2022-04-03T20:37:40","guid":{"rendered":"http:\/\/www.philippe-zerbib-architecte.fr\/maison-ossature-bois-architecte\/?page_id=2728"},"modified":"2022-04-06T11:14:31","modified_gmt":"2022-04-06T09:14:31","slug":"realisation-maison-ecologique-ile-de-france-architecte","status":"publish","type":"page","link":"http:\/\/www.philippe-zerbib-architecte.fr\/maison-ossature-bois-architecte\/realisation-maison-ecologique-ile-de-france-architecte\/","title":{"rendered":"Construction \u00e9cologique"},"content":{"rendered":"<p>[vc_row][vc_column]<h2 class='heading ' ><span>Confiez la r\u00e9alisation de votre maison \u00e9cologique en Ile-de-France \u00e0 un architecte<\/span><\/h2>[vc_column_text]La construction de maisons \u00e9cologiques en Ile-de-France est de plus en plus demand\u00e9e et ce n&rsquo;est pas un hasard : elles offrent un confort hors pair et permettent de s&rsquo;inscrire dans une d\u00e9marche \u00e9cologique sur le long terme. Pour vous accompagner dans votre projet, Philippe Zerbib et son \u00e9quipe d\u2019architectes se mobilisent pour vous garantir des constructions de maison \u00e9cologique de qualit\u00e9.[\/vc_column_text][vc_empty_space][\/vc_column][\/vc_row][vc_row][vc_column width=\u00a0\u00bb1\/2&Prime;]<h2 class='heading ' ><span>Les avantages d&rsquo;une construction de maison \u00e9cologique<\/span><\/h2>[vc_column_text]Dans un premier temps, faire le choix d&rsquo;une maison \u00e9cologique permet l&rsquo;utilisation de mat\u00e9riaux sains, que ce soit au niveau du confort ou de l&rsquo;environnement, le but est de limiter les \u00e9missions de CO2 tout en optimisant la performance \u00e9nerg\u00e9tique de l&rsquo;habitation (ou du local d&rsquo;entreprise).<\/p>\n<p>Enfin, on note un net avantage sur l&rsquo;isolation, ce qui permet de faire des \u00e9conomies notables sur la consommation \u00e9nerg\u00e9tique.[\/vc_column_text][vc_empty_space height=\u00a0\u00bb20px\u00a0\u00bb][vc_column_text]<\/p>\n<p><a href=\"http:\/\/www.philippe-zerbib-architecte.fr\/maison-ossature-bois-architecte\/bases-de-larchitecture-bioclimatique\/\">En savoir plus sur les bases de la construction de maison \u00e9cologique<\/a>[\/vc_column_text][\/vc_column][vc_column width=\u00a0\u00bb1\/2&Prime;][vc_empty_space height=\u00a0\u00bb20px\u00a0\u00bb][vc_single_image image=\u00a0\u00bb2727&Prime; img_size=\u00a0\u00bbfull\u00a0\u00bb alignment=\u00a0\u00bbcenter\u00a0\u00bb onclick=\u00a0\u00bblink_image\u00a0\u00bb][\/vc_column][\/vc_row]<\/p>\n","protected":false},"excerpt":{"rendered":"<p>[vc_row][vc_column][vc_column_text]La construction de maisons \u00e9cologiques en Ile-de-France est de plus en plus demand\u00e9e et ce n&rsquo;est pas un hasard : elles offrent un confort hors pair et permettent de s&rsquo;inscrire dans une d\u00e9marche \u00e9cologique sur le long terme. Pour vous&#8230;<\/p>\n","protected":false},"author":3,"featured_media":0,"parent":0,"menu_order":0,"comment_status":"closed","ping_status":"closed","template":"","meta":{"_monsterinsights_skip_tracking":false,"_monsterinsights_sitenote_active":false,"_monsterinsights_sitenote_note":"","_monsterinsights_sitenote_category":0,"footnotes":""},"class_list":["post-2728","page","type-page","status-publish","hentry"],"_links":{"self":[{"href":"http:\/\/www.philippe-zerbib-architecte.fr\/maison-ossature-bois-architecte\/wp-json\/wp\/v2\/pages\/2728","targetHints":{"allow":["GET"]}}],"collection":[{"href":"http:\/\/www.philippe-zerbib-architecte.fr\/maison-ossature-bois-architecte\/wp-json\/wp\/v2\/pages"}],"about":[{"href":"http:\/\/www.philippe-zerbib-architecte.fr\/maison-ossature-bois-architecte\/wp-json\/wp\/v2\/types\/page"}],"author":[{"embeddable":true,"href":"http:\/\/www.philippe-zerbib-architecte.fr\/maison-ossature-bois-architecte\/wp-json\/wp\/v2\/users\/3"}],"replies":[{"embeddable":true,"href":"http:\/\/www.philippe-zerbib-architecte.fr\/maison-ossature-bois-architecte\/wp-json\/wp\/v2\/comments?post=2728"}],"version-history":[{"count":12,"href":"http:\/\/www.philippe-zerbib-architecte.fr\/maison-ossature-bois-architecte\/wp-json\/wp\/v2\/pages\/2728\/revisions"}],"predecessor-version":[{"id":2788,"href":"http:\/\/www.philippe-zerbib-architecte.fr\/maison-ossature-bois-architecte\/wp-json\/wp\/v2\/pages\/2728\/revisions\/2788"}],"wp:attachment":[{"href":"http:\/\/www.philippe-zerbib-architecte.fr\/maison-ossature-bois-architecte\/wp-json\/wp\/v2\/media?parent=2728"}],"curies":[{"name":"wp","href":"https:\/\/api.w.org\/{rel}","templated":true}]}}