{"id":2717,"date":"2022-04-03T22:08:38","date_gmt":"2022-04-03T20:08:38","guid":{"rendered":"http:\/\/www.philippe-zerbib-architecte.fr\/maison-ossature-bois-architecte\/?page_id=2717"},"modified":"2022-04-06T10:42:29","modified_gmt":"2022-04-06T08:42:29","slug":"architecte-dplg-ile-de-france","status":"publish","type":"page","link":"http:\/\/www.philippe-zerbib-architecte.fr\/maison-ossature-bois-architecte\/architecte-dplg-ile-de-france\/","title":{"rendered":"Votre architecte DPLG En Ile-de-France"},"content":{"rendered":"<p>[vc_row][vc_column][vc_column_text]Architecte DPLG en Ile-de-France, Philippe Zerbib met \u00e0 votre disposition toutes les comp\u00e9tences et qualifications requises pour mener \u00e0 bien votre projet d\u2019architecture, et mettre en oeuvre des solutions durables sur le court comme sur le long terme.[\/vc_column_text][vc_separator][\/vc_column][\/vc_row][vc_row][vc_column width=\u00a0\u00bb1\/2&Prime;][vc_empty_space height=\u00a0\u00bb20px\u00a0\u00bb][vc_single_image image=\u00a0\u00bb2718&Prime; img_size=\u00a0\u00bbfull\u00a0\u00bb alignment=\u00a0\u00bbcenter\u00a0\u00bb onclick=\u00a0\u00bblink_image\u00a0\u00bb][\/vc_column][vc_column width=\u00a0\u00bb1\/2&Prime;]<h2 class='heading ' ><span>Pourquoi faire appel \u00e0 votre architecte DPLG ?<\/span><\/h2>[vc_column_text]Philippe Zerbib, architecte DPLG (Dipl\u00f4m\u00e9 Par Le Gouvernement) dipl\u00f4m\u00e9 en 1989, est sp\u00e9cialis\u00e9 dans la construction \u00e0 ossature bois depuis 2007.<\/p>\n<p>Il a cr\u00e9\u00e9 sa soci\u00e9t\u00e9 en 2014 \u00e0 Saint-Cloud dans les Hauts-de-Seine, o\u00f9 il exerce son m\u00e9tier avec passion depuis plus de 20 ans avec sa collaboratrice Anne-Claire, sur de nombreux projets.<\/p>\n<p>Votre architecte a r\u00e9alis\u00e9 des agences bancaires, des immeubles de bureaux et d&rsquo;habitations, puis il choisit de se sp\u00e9cialiser dans la construction de maisons individuelles en ossature bois. Son exp\u00e9rience aussi bien dans le domaine du B to B que dans celui de l&rsquo;habitat individuel est un atout suppl\u00e9mentaire pour vous apporter satisfaction dans les projets que vous souhaitez entreprendre.[\/vc_column_text][\/vc_column][\/vc_row]<\/p>\n","protected":false},"excerpt":{"rendered":"<p>[vc_row][vc_column][vc_column_text]Architecte DPLG en Ile-de-France, Philippe Zerbib met \u00e0 votre disposition toutes les comp\u00e9tences et qualifications requises pour mener \u00e0 bien votre projet d\u2019architecture, et mettre en oeuvre des solutions durables sur le court comme sur le long terme.[\/vc_column_text][vc_separator][\/vc_column][\/vc_row][vc_row][vc_column width=\u00a0\u00bb1\/2&Prime;][vc_empty_space height=\u00a0\u00bb20px\u00a0\u00bb][vc_single_image&#8230;<\/p>\n","protected":false},"author":3,"featured_media":0,"parent":0,"menu_order":0,"comment_status":"closed","ping_status":"closed","template":"","meta":{"_monsterinsights_skip_tracking":false,"_monsterinsights_sitenote_active":false,"_monsterinsights_sitenote_note":"","_monsterinsights_sitenote_category":0,"footnotes":""},"class_list":["post-2717","page","type-page","status-publish","hentry"],"_links":{"self":[{"href":"http:\/\/www.philippe-zerbib-architecte.fr\/maison-ossature-bois-architecte\/wp-json\/wp\/v2\/pages\/2717","targetHints":{"allow":["GET"]}}],"collection":[{"href":"http:\/\/www.philippe-zerbib-architecte.fr\/maison-ossature-bois-architecte\/wp-json\/wp\/v2\/pages"}],"about":[{"href":"http:\/\/www.philippe-zerbib-architecte.fr\/maison-ossature-bois-architecte\/wp-json\/wp\/v2\/types\/page"}],"author":[{"embeddable":true,"href":"http:\/\/www.philippe-zerbib-architecte.fr\/maison-ossature-bois-architecte\/wp-json\/wp\/v2\/users\/3"}],"replies":[{"embeddable":true,"href":"http:\/\/www.philippe-zerbib-architecte.fr\/maison-ossature-bois-architecte\/wp-json\/wp\/v2\/comments?post=2717"}],"version-history":[{"count":9,"href":"http:\/\/www.philippe-zerbib-architecte.fr\/maison-ossature-bois-architecte\/wp-json\/wp\/v2\/pages\/2717\/revisions"}],"predecessor-version":[{"id":2747,"href":"http:\/\/www.philippe-zerbib-architecte.fr\/maison-ossature-bois-architecte\/wp-json\/wp\/v2\/pages\/2717\/revisions\/2747"}],"wp:attachment":[{"href":"http:\/\/www.philippe-zerbib-architecte.fr\/maison-ossature-bois-architecte\/wp-json\/wp\/v2\/media?parent=2717"}],"curies":[{"name":"wp","href":"https:\/\/api.w.org\/{rel}","templated":true}]}}