{"id":1124,"date":"2016-06-27T11:26:09","date_gmt":"2016-06-27T09:26:09","guid":{"rendered":"http:\/\/www.philippe-zerbib-architecte.fr\/maison-ossature-bois-architecte\/?page_id=1124"},"modified":"2022-04-06T11:04:15","modified_gmt":"2022-04-06T09:04:15","slug":"extensions-bois","status":"publish","type":"page","link":"http:\/\/www.philippe-zerbib-architecte.fr\/maison-ossature-bois-architecte\/projets\/extensions-bois\/","title":{"rendered":"Extensions bois"},"content":{"rendered":"<p>[vc_row][vc_column]<h2 class='heading ' ><span>Extension en bois de votre maison en Ile-de-France<\/span><\/h2>[vc_column_text]L&rsquo;extension en bois pour une maison est un bon moyen de gagner de l&rsquo;espace sans d\u00e9m\u00e9nager. Elle permet d&rsquo;augmenter la surface en m\u00e8tres carr\u00e9s et bien souvent de restructurer l&rsquo;espace \u00e0 vivre.<\/p>\n<p>Pour vous permettre d&rsquo;acc\u00e9der \u00e0 ce confort, Philippe Zerbib, architecte, et son \u00e9quipe, vous proposent leur savoir-faire pour vous garantir un projet d\u2019extension en bois sur-mesure en Ile-de-France.[\/vc_column_text][vc_empty_space]<h2 class='heading ' ><span>L&rsquo;extension en bois pour votre maison : quels avantages ?<\/span><\/h2>[vc_column_text]Vous souhaitez donner un nouvel \u00e9lan \u00e0 votre habitation ou local de votre entreprise ? Vous souhaitez augmenter la surface habitable ou tout simplement cr\u00e9er une nouvelle pi\u00e8ce \u00e0 vivre sans avoir \u00e0 d\u00e9m\u00e9nager ?<\/p>\n<p>Notre cabinet d\u2019architecte est votre interlocuteur privil\u00e9gi\u00e9 : nos conseillers prendront votre demande en charge et vous orienteront sur les meilleures solutions disponibles.<\/p>\n<p>Gr\u00e2ce aux diff\u00e9rentes technicit\u00e9s disponibles et \u00e0 la sp\u00e9cificit\u00e9 des mat\u00e9riaux, de nombreuses possibilit\u00e9s s\u2019offrent \u00e0 vous pour une extension \u00e9cologique.[\/vc_column_text][vc_empty_space]<h2 class='heading ' ><span>Nos extensions en bois<\/span><\/h2>[\/vc_column][\/vc_row][vc_row][vc_column]<ul class='portfolio isotope classic'><li class='isotope-item surelevations-bois col-xs-6 col-md-6'><article class='inner'><a class='item-hover' href=http:\/\/www.philippe-zerbib-architecte.fr\/maison-ossature-bois-architecte\/portfolio\/etude-pour-une-surelevation-a-saint-cloud\/><div class='mask'><\/div><div class='item-info'><div class='headline'><h2><i class='fa fa-link'><\/i><\/h2><\/div><\/div><\/a><div class='item-img'><img loading=\"lazy\" decoding=\"async\" width=\"360\" height=\"267\" src=\"http:\/\/www.philippe-zerbib-architecte.fr\/maison-ossature-bois-architecte\/wp-content\/uploads\/2026\/03\/Philippe_Zerbib_Architecte_construction_maisons_contemporaines_ossature_bois_projet_maison_brijatoff-1774797431459-1-360x267.jpg\" class=\"attachment-post-thumb attachment-post-thumb size-post-thumb wp-post-image\" alt=\"\" \/><\/div><\/article><a class='portfolio-title' href=http:\/\/www.philippe-zerbib-architecte.fr\/maison-ossature-bois-architecte\/portfolio\/etude-pour-une-surelevation-a-saint-cloud\/><h2 class='text-center'>Etude pour une sur\u00e9l\u00e9vation \u00e0 Saint-Cloud<\/h2><\/a><div class='subtitle text-center'><\/div><\/li><li class='isotope-item maison-bois col-xs-6 col-md-6'><article class='inner'><a class='item-hover' href=http:\/\/www.philippe-zerbib-architecte.fr\/maison-ossature-bois-architecte\/portfolio\/etude-pour-une-maison-contemporaine-a-meudon-92\/><div class='mask'><\/div><div class='item-info'><div class='headline'><h2><i class='fa fa-link'><\/i><\/h2><\/div><\/div><\/a><div class='item-img'><img loading=\"lazy\" decoding=\"async\" width=\"360\" height=\"267\" src=\"http:\/\/www.philippe-zerbib-architecte.fr\/maison-ossature-bois-architecte\/wp-content\/uploads\/2026\/03\/1772447640461-360x267.jpg\" class=\"attachment-post-thumb attachment-post-thumb size-post-thumb wp-post-image\" alt=\"\" \/><\/div><\/article><a class='portfolio-title' href=http:\/\/www.philippe-zerbib-architecte.fr\/maison-ossature-bois-architecte\/portfolio\/etude-pour-une-maison-contemporaine-a-meudon-92\/><h2 class='text-center'>Etude pour une maison contemporaine \u00e0 Meudon (92)<\/h2><\/a><div class='subtitle text-center'><\/div><\/li><li class='isotope-item maison-bois col-xs-6 col-md-6'><article class='inner'><a class='item-hover' href=http:\/\/www.philippe-zerbib-architecte.fr\/maison-ossature-bois-architecte\/portfolio\/verriere-le-buisson\/><div class='mask'><\/div><div class='item-info'><div class='headline'><h2><i class='fa fa-link'><\/i><\/h2><\/div><\/div><\/a><div class='item-img'><img loading=\"lazy\" decoding=\"async\" width=\"360\" height=\"267\" src=\"http:\/\/www.philippe-zerbib-architecte.fr\/maison-ossature-bois-architecte\/wp-content\/uploads\/2022\/07\/Philippe_Zerbib_Architecte_construction_maisons_contemporaines_ossature_bois_projet_maison_Casade1769884854296-1-360x267.jpg\" class=\"attachment-post-thumb attachment-post-thumb size-post-thumb wp-post-image\" alt=\"\" \/><\/div><\/article><a class='portfolio-title' href=http:\/\/www.philippe-zerbib-architecte.fr\/maison-ossature-bois-architecte\/portfolio\/verriere-le-buisson\/><h2 class='text-center'>Verri\u00e8re-le-Buisson<\/h2><\/a><div class='subtitle text-center'><\/div><\/li><li class='isotope-item  col-xs-6 col-md-6'><article class='inner'><a class='item-hover' href=http:\/\/www.philippe-zerbib-architecte.fr\/maison-ossature-bois-architecte\/portfolio\/etude-pour-une-maison-contemporaine-a-bazemont-78\/><div class='mask'><\/div><div class='item-info'><div class='headline'><h2><i class='fa fa-link'><\/i><\/h2><\/div><\/div><\/a><div class='item-img'><img loading=\"lazy\" decoding=\"async\" width=\"360\" height=\"267\" src=\"http:\/\/www.philippe-zerbib-architecte.fr\/maison-ossature-bois-architecte\/wp-content\/uploads\/2026\/02\/1769793689728-1-360x267.jpg\" class=\"attachment-post-thumb attachment-post-thumb size-post-thumb wp-post-image\" alt=\"\" \/><\/div><\/article><a class='portfolio-title' href=http:\/\/www.philippe-zerbib-architecte.fr\/maison-ossature-bois-architecte\/portfolio\/etude-pour-une-maison-contemporaine-a-bazemont-78\/><h2 class='text-center'>Etude pour une maison contemporaine \u00e0 Bazemont (78)<\/h2><\/a><div class='subtitle text-center'><\/div><\/li><li class='isotope-item maison-bois col-xs-6 col-md-6'><article class='inner'><a class='item-hover' href=http:\/\/www.philippe-zerbib-architecte.fr\/maison-ossature-bois-architecte\/portfolio\/construction-dune-maison-contemporaine-en-lisiere-du-bois-de-rueil-malmaison\/><div class='mask'><\/div><div class='item-info'><div class='headline'><h2><i class='fa fa-link'><\/i><\/h2><\/div><\/div><\/a><div class='item-img'><img loading=\"lazy\" decoding=\"async\" width=\"360\" height=\"267\" src=\"http:\/\/www.philippe-zerbib-architecte.fr\/maison-ossature-bois-architecte\/wp-content\/uploads\/2024\/01\/philippe_zerbib_architecte_construction_maisons_ossature_bois_projet_maison_secret_1772298141306-1-360x267.jpg\" class=\"attachment-post-thumb attachment-post-thumb size-post-thumb wp-post-image\" alt=\"\" \/><\/div><\/article><a class='portfolio-title' href=http:\/\/www.philippe-zerbib-architecte.fr\/maison-ossature-bois-architecte\/portfolio\/construction-dune-maison-contemporaine-en-lisiere-du-bois-de-rueil-malmaison\/><h2 class='text-center'>Construction d\u2019une maison contemporaine en lisi\u00e8re du bois de Rueil-Malmaison<\/h2><\/a><div class='subtitle text-center'><\/div><\/li><li class='isotope-item maison-bois col-xs-6 col-md-6'><article class='inner'><a class='item-hover' href=http:\/\/www.philippe-zerbib-architecte.fr\/maison-ossature-bois-architecte\/portfolio\/construction-dune-maison-bois-et-maconnerie-a-verrieres-le-buisson\/><div class='mask'><\/div><div class='item-info'><div class='headline'><h2><i class='fa fa-link'><\/i><\/h2><\/div><\/div><\/a><div class='item-img'><img loading=\"lazy\" decoding=\"async\" width=\"360\" height=\"267\" src=\"http:\/\/www.philippe-zerbib-architecte.fr\/maison-ossature-bois-architecte\/wp-content\/uploads\/2025\/12\/1772391228387-1-360x267.jpg\" class=\"attachment-post-thumb attachment-post-thumb size-post-thumb wp-post-image\" alt=\"\" \/><\/div><\/article><a class='portfolio-title' href=http:\/\/www.philippe-zerbib-architecte.fr\/maison-ossature-bois-architecte\/portfolio\/construction-dune-maison-bois-et-maconnerie-a-verrieres-le-buisson\/><h2 class='text-center'>Construction d\u2019une maison, bois et ma\u00e7onnerie \u00e0 Verri\u00e8res-le-Buisson<\/h2><\/a><div class='subtitle text-center'><\/div><\/li><li class='isotope-item maison-bois col-xs-6 col-md-6'><article class='inner'><a class='item-hover' href=http:\/\/www.philippe-zerbib-architecte.fr\/maison-ossature-bois-architecte\/portfolio\/une-longere-contemporaine\/><div class='mask'><\/div><div class='item-info'><div class='headline'><h2><i class='fa fa-link'><\/i><\/h2><\/div><\/div><\/a><div class='item-img'><img loading=\"lazy\" decoding=\"async\" width=\"360\" height=\"267\" src=\"http:\/\/www.philippe-zerbib-architecte.fr\/maison-ossature-bois-architecte\/wp-content\/uploads\/2025\/11\/Philippe_Zerbib_Architecte_construction_maisons_contemporaines_ossature_bois_projet_maison_beaurin_1771184042717-1-360x267.jpg\" class=\"attachment-post-thumb attachment-post-thumb size-post-thumb wp-post-image\" alt=\"\" \/><\/div><\/article><a class='portfolio-title' href=http:\/\/www.philippe-zerbib-architecte.fr\/maison-ossature-bois-architecte\/portfolio\/une-longere-contemporaine\/><h2 class='text-center'>Une long\u00e8re contemporaine<\/h2><\/a><div class='subtitle text-center'><\/div><\/li><li class='isotope-item extensions-bois col-xs-6 col-md-6'><article class='inner'><a class='item-hover' href=http:\/\/www.philippe-zerbib-architecte.fr\/maison-ossature-bois-architecte\/portfolio\/extension-dune-maison-individuelle-et-redistribution-interieure-a-nanterre\/><div class='mask'><\/div><div class='item-info'><div class='headline'><h2><i class='fa fa-link'><\/i><\/h2><\/div><\/div><\/a><div class='item-img'><img loading=\"lazy\" decoding=\"async\" width=\"360\" height=\"267\" src=\"http:\/\/www.philippe-zerbib-architecte.fr\/maison-ossature-bois-architecte\/wp-content\/uploads\/2022\/06\/Philippe_Zerbib_Architecte_construction_maisons_contemporaines_ossature_bois_projet_maison_Maillar1771000270493-360x267.jpg\" class=\"attachment-post-thumb attachment-post-thumb size-post-thumb wp-post-image\" alt=\"\" \/><\/div><\/article><a class='portfolio-title' href=http:\/\/www.philippe-zerbib-architecte.fr\/maison-ossature-bois-architecte\/portfolio\/extension-dune-maison-individuelle-et-redistribution-interieure-a-nanterre\/><h2 class='text-center'>Extension d&rsquo;une maison individuelle et redistribution int\u00e9rieure \u00e0 Nanterre<\/h2><\/a><div class='subtitle text-center'><\/div><\/li><li class='isotope-item maison-bois col-xs-6 col-md-6'><article class='inner'><a class='item-hover' href=http:\/\/www.philippe-zerbib-architecte.fr\/maison-ossature-bois-architecte\/portfolio\/construction-dune-maison-contemporaine-a-bernay\/><div class='mask'><\/div><div class='item-info'><div class='headline'><h2><i class='fa fa-link'><\/i><\/h2><\/div><\/div><\/a><div class='item-img'><img loading=\"lazy\" decoding=\"async\" width=\"360\" height=\"267\" src=\"http:\/\/www.philippe-zerbib-architecte.fr\/maison-ossature-bois-architecte\/wp-content\/uploads\/2026\/01\/1772573754187-1-360x267.jpg\" class=\"attachment-post-thumb attachment-post-thumb size-post-thumb wp-post-image\" alt=\"\" \/><\/div><\/article><a class='portfolio-title' href=http:\/\/www.philippe-zerbib-architecte.fr\/maison-ossature-bois-architecte\/portfolio\/construction-dune-maison-contemporaine-a-bernay\/><h2 class='text-center'>Construction d&rsquo;une maison contemporaine \u00e0 Bernay<\/h2><\/a><div class='subtitle text-center'><\/div><\/li><li class='isotope-item extensions-bois col-xs-6 col-md-6'><article class='inner'><a class='item-hover' href=http:\/\/www.philippe-zerbib-architecte.fr\/maison-ossature-bois-architecte\/portfolio\/extension-dun-pavillon-a-ferolles-atilly\/><div class='mask'><\/div><div class='item-info'><div class='headline'><h2><i class='fa fa-link'><\/i><\/h2><\/div><\/div><\/a><div class='item-img'><img loading=\"lazy\" decoding=\"async\" width=\"360\" height=\"267\" src=\"http:\/\/www.philippe-zerbib-architecte.fr\/maison-ossature-bois-architecte\/wp-content\/uploads\/2021\/03\/Philippe_Zerbib_Architecte_construction_maisons_contemporaines_ossature_bois_projet_maison_Lachaux_1770829080547-1-360x267.jpg\" class=\"attachment-post-thumb attachment-post-thumb size-post-thumb wp-post-image\" alt=\"\" \/><\/div><\/article><a class='portfolio-title' href=http:\/\/www.philippe-zerbib-architecte.fr\/maison-ossature-bois-architecte\/portfolio\/extension-dun-pavillon-a-ferolles-atilly\/><h2 class='text-center'>Extension d&rsquo;un pavillon \u00e0 F\u00e9rolles-Atilly<\/h2><\/a><div class='subtitle text-center'><\/div><\/li><li class='isotope-item maison-bois col-xs-6 col-md-6'><article class='inner'><a class='item-hover' href=http:\/\/www.philippe-zerbib-architecte.fr\/maison-ossature-bois-architecte\/portfolio\/maison-darchitecte-a-monfort-lamaury\/><div class='mask'><\/div><div class='item-info'><div class='headline'><h2><i class='fa fa-link'><\/i><\/h2><\/div><\/div><\/a><div class='item-img'><img loading=\"lazy\" decoding=\"async\" width=\"360\" height=\"267\" src=\"http:\/\/www.philippe-zerbib-architecte.fr\/maison-ossature-bois-architecte\/wp-content\/uploads\/2026\/03\/1771234322221-1-360x267.jpg\" class=\"attachment-post-thumb attachment-post-thumb size-post-thumb wp-post-image\" alt=\"\" \/><\/div><\/article><a class='portfolio-title' href=http:\/\/www.philippe-zerbib-architecte.fr\/maison-ossature-bois-architecte\/portfolio\/maison-darchitecte-a-monfort-lamaury\/><h2 class='text-center'>Maison d&rsquo;architecte \u00e0 Monfort-Lamaury<\/h2><\/a><div class='subtitle text-center'><\/div><\/li><li class='isotope-item surelevations-bois col-xs-6 col-md-6'><article class='inner'><a class='item-hover' href=http:\/\/www.philippe-zerbib-architecte.fr\/maison-ossature-bois-architecte\/portfolio\/etude-pour-une-surelevation-a-villennes-sur-seine\/><div class='mask'><\/div><div class='item-info'><div class='headline'><h2><i class='fa fa-link'><\/i><\/h2><\/div><\/div><\/a><div class='item-img'><img loading=\"lazy\" decoding=\"async\" width=\"360\" height=\"267\" src=\"http:\/\/www.philippe-zerbib-architecte.fr\/maison-ossature-bois-architecte\/wp-content\/uploads\/2026\/03\/1766750072588-1-360x267.jpg\" class=\"attachment-post-thumb attachment-post-thumb size-post-thumb wp-post-image\" alt=\"\" \/><\/div><\/article><a class='portfolio-title' href=http:\/\/www.philippe-zerbib-architecte.fr\/maison-ossature-bois-architecte\/portfolio\/etude-pour-une-surelevation-a-villennes-sur-seine\/><h2 class='text-center'>Etude pour une sur\u00e9l\u00e9vation \u00e0 Villennes sur Seine<\/h2><\/a><div class='subtitle text-center'><\/div><\/li><\/ul>[\/vc_column][\/vc_row]<\/p>\n","protected":false},"excerpt":{"rendered":"<p>[vc_row][vc_column][vc_column_text]L&rsquo;extension en bois pour une maison est un bon moyen de gagner de l&rsquo;espace sans d\u00e9m\u00e9nager. Elle permet d&rsquo;augmenter la surface en m\u00e8tres carr\u00e9s et bien souvent de restructurer l&rsquo;espace \u00e0 vivre. Pour vous permettre d&rsquo;acc\u00e9der \u00e0 ce confort, Philippe&#8230;<\/p>\n","protected":false},"author":3,"featured_media":0,"parent":598,"menu_order":0,"comment_status":"closed","ping_status":"closed","template":"","meta":{"_monsterinsights_skip_tracking":false,"_monsterinsights_sitenote_active":false,"_monsterinsights_sitenote_note":"","_monsterinsights_sitenote_category":0,"footnotes":""},"class_list":["post-1124","page","type-page","status-publish","hentry"],"_links":{"self":[{"href":"http:\/\/www.philippe-zerbib-architecte.fr\/maison-ossature-bois-architecte\/wp-json\/wp\/v2\/pages\/1124","targetHints":{"allow":["GET"]}}],"collection":[{"href":"http:\/\/www.philippe-zerbib-architecte.fr\/maison-ossature-bois-architecte\/wp-json\/wp\/v2\/pages"}],"about":[{"href":"http:\/\/www.philippe-zerbib-architecte.fr\/maison-ossature-bois-architecte\/wp-json\/wp\/v2\/types\/page"}],"author":[{"embeddable":true,"href":"http:\/\/www.philippe-zerbib-architecte.fr\/maison-ossature-bois-architecte\/wp-json\/wp\/v2\/users\/3"}],"replies":[{"embeddable":true,"href":"http:\/\/www.philippe-zerbib-architecte.fr\/maison-ossature-bois-architecte\/wp-json\/wp\/v2\/comments?post=1124"}],"version-history":[{"count":8,"href":"http:\/\/www.philippe-zerbib-architecte.fr\/maison-ossature-bois-architecte\/wp-json\/wp\/v2\/pages\/1124\/revisions"}],"predecessor-version":[{"id":2779,"href":"http:\/\/www.philippe-zerbib-architecte.fr\/maison-ossature-bois-architecte\/wp-json\/wp\/v2\/pages\/1124\/revisions\/2779"}],"up":[{"embeddable":true,"href":"http:\/\/www.philippe-zerbib-architecte.fr\/maison-ossature-bois-architecte\/wp-json\/wp\/v2\/pages\/598"}],"wp:attachment":[{"href":"http:\/\/www.philippe-zerbib-architecte.fr\/maison-ossature-bois-architecte\/wp-json\/wp\/v2\/media?parent=1124"}],"curies":[{"name":"wp","href":"https:\/\/api.w.org\/{rel}","templated":true}]}}