{"id":1122,"date":"2016-06-27T11:25:46","date_gmt":"2016-06-27T09:25:46","guid":{"rendered":"http:\/\/www.philippe-zerbib-architecte.fr\/maison-ossature-bois-architecte\/?page_id=1122"},"modified":"2022-04-06T11:05:30","modified_gmt":"2022-04-06T09:05:30","slug":"maisons-a-ossature-bois","status":"publish","type":"page","link":"http:\/\/www.philippe-zerbib-architecte.fr\/maison-ossature-bois-architecte\/projets\/maisons-a-ossature-bois\/","title":{"rendered":"Maisons \u00e0 ossature bois"},"content":{"rendered":"<p>[vc_row][vc_column]<h2 class='heading ' ><span>Nos Comp\u00e9tences Au Service De Votre Projet De Maison \u00c0 Ossature Bois En Ile-De-France<\/span><\/h2>[vc_column_text]<\/p>\n<blockquote><p><em>Nous devons cr\u00e9er des espaces architecturaux dans lesquels il est possible de susciter autant qu&rsquo;il l&rsquo;est \u00e0 travers la po\u00e9sie et la musique, la surprise, la d\u00e9couverte, la stimulation intellectuelle, la paix et la joie de vivre<\/em>. <strong>Tadao Ando<\/strong><\/p><\/blockquote>\n<p>&nbsp;<\/p>\n<p>Le cabinet d\u2019architecte de Philippe Zerbib intervient en Ile-de-France pour l&rsquo;\u00e9tude, la conception et la construction de maison \u00e0 ossature bois.<\/p>\n<p>Pour ce faire, nous regroupons toutes nos comp\u00e9tences et qualifications pour vous offrir un r\u00e9sultat \u00e0 la hauteur de vos attentes et de vos envies, pour votre futur habitat \u00e9cologique.[\/vc_column_text][vc_empty_space]<h2 class='heading ' ><span>Pourquoi choisir une maison \u00e0 ossature bois en ile-de-france ?<\/span><\/h2>[vc_column_text]Le bois est un mat\u00e9riau temporel qui est utilis\u00e9 dans les m\u00e9tiers de la construction pour ses nombreux avantages. En effet, il est reconnu pour sa solidit\u00e9, sa long\u00e9vit\u00e9 dans le temps, son naturel, son aspect \u00e9cologique et enfin pour l&rsquo;ambiance qu&rsquo;il d\u00e9gage.<\/p>\n<p>Pour tous les projets que notre cabinet d&rsquo;architecture entreprend, une s\u00e9lection rigoureuse est r\u00e9alis\u00e9e aupr\u00e8s des diff\u00e9rents fournisseurs.<\/p>\n<p>Ainsi, vous avez l&rsquo;assurance d&rsquo;une qualit\u00e9 haut de gamme tout en b\u00e9n\u00e9ficiant de notre qualit\u00e9 de conseil.[\/vc_column_text][vc_empty_space]<h2 class='heading ' ><span>Nos maisons \u00e0 ossature bois<\/span><\/h2>[\/vc_column][\/vc_row][vc_row][vc_column]<ul class='portfolio isotope classic'><li class='isotope-item maison-bois col-xs-6 col-md-6'><article class='inner'><a class='item-hover' href=http:\/\/www.philippe-zerbib-architecte.fr\/maison-ossature-bois-architecte\/portfolio\/etude-pour-une-maison-contemporaine-a-meudon-92\/><div class='mask'><\/div><div class='item-info'><div class='headline'><h2><i class='fa fa-link'><\/i><\/h2><\/div><\/div><\/a><div class='item-img'><img loading=\"lazy\" decoding=\"async\" width=\"360\" height=\"267\" src=\"http:\/\/www.philippe-zerbib-architecte.fr\/maison-ossature-bois-architecte\/wp-content\/uploads\/2026\/03\/1772447640461-360x267.jpg\" class=\"attachment-post-thumb attachment-post-thumb size-post-thumb wp-post-image\" alt=\"\" \/><\/div><\/article><a class='portfolio-title' href=http:\/\/www.philippe-zerbib-architecte.fr\/maison-ossature-bois-architecte\/portfolio\/etude-pour-une-maison-contemporaine-a-meudon-92\/><h2 class='text-center'>Etude pour une maison contemporaine \u00e0 Meudon (92)<\/h2><\/a><div class='subtitle text-center'><\/div><\/li><li class='isotope-item maison-bois col-xs-6 col-md-6'><article class='inner'><a class='item-hover' href=http:\/\/www.philippe-zerbib-architecte.fr\/maison-ossature-bois-architecte\/portfolio\/verriere-le-buisson\/><div class='mask'><\/div><div class='item-info'><div class='headline'><h2><i class='fa fa-link'><\/i><\/h2><\/div><\/div><\/a><div class='item-img'><img loading=\"lazy\" decoding=\"async\" width=\"360\" height=\"267\" src=\"http:\/\/www.philippe-zerbib-architecte.fr\/maison-ossature-bois-architecte\/wp-content\/uploads\/2022\/07\/Philippe_Zerbib_Architecte_construction_maisons_contemporaines_ossature_bois_projet_maison_Casade1769884854296-1-360x267.jpg\" class=\"attachment-post-thumb attachment-post-thumb size-post-thumb wp-post-image\" alt=\"\" \/><\/div><\/article><a class='portfolio-title' href=http:\/\/www.philippe-zerbib-architecte.fr\/maison-ossature-bois-architecte\/portfolio\/verriere-le-buisson\/><h2 class='text-center'>Verri\u00e8re-le-Buisson<\/h2><\/a><div class='subtitle text-center'><\/div><\/li><li class='isotope-item maison-bois col-xs-6 col-md-6'><article class='inner'><a class='item-hover' href=http:\/\/www.philippe-zerbib-architecte.fr\/maison-ossature-bois-architecte\/portfolio\/construction-dune-maison-contemporaine-en-lisiere-du-bois-de-rueil-malmaison\/><div class='mask'><\/div><div class='item-info'><div class='headline'><h2><i class='fa fa-link'><\/i><\/h2><\/div><\/div><\/a><div class='item-img'><img loading=\"lazy\" decoding=\"async\" width=\"360\" height=\"267\" src=\"http:\/\/www.philippe-zerbib-architecte.fr\/maison-ossature-bois-architecte\/wp-content\/uploads\/2024\/01\/philippe_zerbib_architecte_construction_maisons_ossature_bois_projet_maison_secret_1772298141306-1-360x267.jpg\" class=\"attachment-post-thumb attachment-post-thumb size-post-thumb wp-post-image\" alt=\"\" \/><\/div><\/article><a class='portfolio-title' href=http:\/\/www.philippe-zerbib-architecte.fr\/maison-ossature-bois-architecte\/portfolio\/construction-dune-maison-contemporaine-en-lisiere-du-bois-de-rueil-malmaison\/><h2 class='text-center'>Construction d\u2019une maison contemporaine en lisi\u00e8re du bois de Rueil-Malmaison<\/h2><\/a><div class='subtitle text-center'><\/div><\/li><li class='isotope-item maison-bois col-xs-6 col-md-6'><article class='inner'><a class='item-hover' href=http:\/\/www.philippe-zerbib-architecte.fr\/maison-ossature-bois-architecte\/portfolio\/construction-dune-maison-bois-et-maconnerie-a-verrieres-le-buisson\/><div class='mask'><\/div><div class='item-info'><div class='headline'><h2><i class='fa fa-link'><\/i><\/h2><\/div><\/div><\/a><div class='item-img'><img loading=\"lazy\" decoding=\"async\" width=\"360\" height=\"267\" src=\"http:\/\/www.philippe-zerbib-architecte.fr\/maison-ossature-bois-architecte\/wp-content\/uploads\/2025\/12\/1772391228387-1-360x267.jpg\" class=\"attachment-post-thumb attachment-post-thumb size-post-thumb wp-post-image\" alt=\"\" \/><\/div><\/article><a class='portfolio-title' href=http:\/\/www.philippe-zerbib-architecte.fr\/maison-ossature-bois-architecte\/portfolio\/construction-dune-maison-bois-et-maconnerie-a-verrieres-le-buisson\/><h2 class='text-center'>Construction d\u2019une maison, bois et ma\u00e7onnerie \u00e0 Verri\u00e8res-le-Buisson<\/h2><\/a><div class='subtitle text-center'><\/div><\/li><li class='isotope-item maison-bois col-xs-6 col-md-6'><article class='inner'><a class='item-hover' href=http:\/\/www.philippe-zerbib-architecte.fr\/maison-ossature-bois-architecte\/portfolio\/une-longere-contemporaine\/><div class='mask'><\/div><div class='item-info'><div class='headline'><h2><i class='fa fa-link'><\/i><\/h2><\/div><\/div><\/a><div class='item-img'><img loading=\"lazy\" decoding=\"async\" width=\"360\" height=\"267\" src=\"http:\/\/www.philippe-zerbib-architecte.fr\/maison-ossature-bois-architecte\/wp-content\/uploads\/2025\/11\/Philippe_Zerbib_Architecte_construction_maisons_contemporaines_ossature_bois_projet_maison_beaurin_1771184042717-1-360x267.jpg\" class=\"attachment-post-thumb attachment-post-thumb size-post-thumb wp-post-image\" alt=\"\" \/><\/div><\/article><a class='portfolio-title' href=http:\/\/www.philippe-zerbib-architecte.fr\/maison-ossature-bois-architecte\/portfolio\/une-longere-contemporaine\/><h2 class='text-center'>Une long\u00e8re contemporaine<\/h2><\/a><div class='subtitle text-center'><\/div><\/li><li class='isotope-item maison-bois col-xs-6 col-md-6'><article class='inner'><a class='item-hover' href=http:\/\/www.philippe-zerbib-architecte.fr\/maison-ossature-bois-architecte\/portfolio\/construction-dune-maison-contemporaine-a-bernay\/><div class='mask'><\/div><div class='item-info'><div class='headline'><h2><i class='fa fa-link'><\/i><\/h2><\/div><\/div><\/a><div class='item-img'><img loading=\"lazy\" decoding=\"async\" width=\"360\" height=\"267\" src=\"http:\/\/www.philippe-zerbib-architecte.fr\/maison-ossature-bois-architecte\/wp-content\/uploads\/2026\/01\/1772573754187-1-360x267.jpg\" class=\"attachment-post-thumb attachment-post-thumb size-post-thumb wp-post-image\" alt=\"\" \/><\/div><\/article><a class='portfolio-title' href=http:\/\/www.philippe-zerbib-architecte.fr\/maison-ossature-bois-architecte\/portfolio\/construction-dune-maison-contemporaine-a-bernay\/><h2 class='text-center'>Construction d&rsquo;une maison contemporaine \u00e0 Bernay<\/h2><\/a><div class='subtitle text-center'><\/div><\/li><li class='isotope-item maison-bois col-xs-6 col-md-6'><article class='inner'><a class='item-hover' href=http:\/\/www.philippe-zerbib-architecte.fr\/maison-ossature-bois-architecte\/portfolio\/maison-darchitecte-a-monfort-lamaury\/><div class='mask'><\/div><div class='item-info'><div class='headline'><h2><i class='fa fa-link'><\/i><\/h2><\/div><\/div><\/a><div class='item-img'><img loading=\"lazy\" decoding=\"async\" width=\"360\" height=\"267\" src=\"http:\/\/www.philippe-zerbib-architecte.fr\/maison-ossature-bois-architecte\/wp-content\/uploads\/2026\/03\/1771234322221-1-360x267.jpg\" class=\"attachment-post-thumb attachment-post-thumb size-post-thumb wp-post-image\" alt=\"\" \/><\/div><\/article><a class='portfolio-title' href=http:\/\/www.philippe-zerbib-architecte.fr\/maison-ossature-bois-architecte\/portfolio\/maison-darchitecte-a-monfort-lamaury\/><h2 class='text-center'>Maison d&rsquo;architecte \u00e0 Monfort-Lamaury<\/h2><\/a><div class='subtitle text-center'><\/div><\/li><li class='isotope-item maison-bois col-xs-6 col-md-6'><article class='inner'><a class='item-hover' href=http:\/\/www.philippe-zerbib-architecte.fr\/maison-ossature-bois-architecte\/portfolio\/etude-pour-une-maison-dans-la-foret-en-seine-maritime\/><div class='mask'><\/div><div class='item-info'><div class='headline'><h2><i class='fa fa-link'><\/i><\/h2><\/div><\/div><\/a><div class='item-img'><img loading=\"lazy\" decoding=\"async\" width=\"360\" height=\"267\" src=\"http:\/\/www.philippe-zerbib-architecte.fr\/maison-ossature-bois-architecte\/wp-content\/uploads\/2026\/02\/Philippe_Zerbib_Architecte_construction_maisons_ossature_bois_projet_maison_Daoud-1766945520645-1-360x267.jpg\" class=\"attachment-post-thumb attachment-post-thumb size-post-thumb wp-post-image\" alt=\"\" \/><\/div><\/article><a class='portfolio-title' href=http:\/\/www.philippe-zerbib-architecte.fr\/maison-ossature-bois-architecte\/portfolio\/etude-pour-une-maison-dans-la-foret-en-seine-maritime\/><h2 class='text-center'>Etude pour une maison dans la for\u00eat en Seine maritime<\/h2><\/a><div class='subtitle text-center'><\/div><\/li><li class='isotope-item maison-bois col-xs-6 col-md-6'><article class='inner'><a class='item-hover' href=http:\/\/www.philippe-zerbib-architecte.fr\/maison-ossature-bois-architecte\/portfolio\/etude-pour-un-maison-dans-la-foret-de-chantilly\/><div class='mask'><\/div><div class='item-info'><div class='headline'><h2><i class='fa fa-link'><\/i><\/h2><\/div><\/div><\/a><div class='item-img'><img loading=\"lazy\" decoding=\"async\" width=\"360\" height=\"267\" src=\"http:\/\/www.philippe-zerbib-architecte.fr\/maison-ossature-bois-architecte\/wp-content\/uploads\/2025\/01\/1774199665257-1-360x267.jpg\" class=\"attachment-post-thumb attachment-post-thumb size-post-thumb wp-post-image\" alt=\"\" \/><\/div><\/article><a class='portfolio-title' href=http:\/\/www.philippe-zerbib-architecte.fr\/maison-ossature-bois-architecte\/portfolio\/etude-pour-un-maison-dans-la-foret-de-chantilly\/><h2 class='text-center'>Etude pour une maison dans la for\u00eat de Chantilly<\/h2><\/a><div class='subtitle text-center'><\/div><\/li><li class='isotope-item maison-bois col-xs-6 col-md-6'><article class='inner'><a class='item-hover' href=http:\/\/www.philippe-zerbib-architecte.fr\/maison-ossature-bois-architecte\/portfolio\/en-seine\/><div class='mask'><\/div><div class='item-info'><div class='headline'><h2><i class='fa fa-link'><\/i><\/h2><\/div><\/div><\/a><div class='item-img'><img loading=\"lazy\" decoding=\"async\" width=\"360\" height=\"267\" src=\"http:\/\/www.philippe-zerbib-architecte.fr\/maison-ossature-bois-architecte\/wp-content\/uploads\/2016\/09\/Philippe_Zerbib_Architecte_construction_maisons_ossature_bois_projet_maison_Lambert_1-360x267.jpg\" class=\"attachment-post-thumb attachment-post-thumb size-post-thumb wp-post-image\" alt=\"philippe_zerbib_architecte_construction_maisons_ossature_bois_projet_maison_lambert_1\" \/><\/div><\/article><a class='portfolio-title' href=http:\/\/www.philippe-zerbib-architecte.fr\/maison-ossature-bois-architecte\/portfolio\/en-seine\/><h2 class='text-center'>En Seine<\/h2><\/a><div class='subtitle text-center'><\/div><\/li><li class='isotope-item maison-bois col-xs-6 col-md-6'><article class='inner'><a class='item-hover' href=http:\/\/www.philippe-zerbib-architecte.fr\/maison-ossature-bois-architecte\/portfolio\/maison-individuelle-a-ossature-bois-a-montgeron\/><div class='mask'><\/div><div class='item-info'><div class='headline'><h2><i class='fa fa-link'><\/i><\/h2><\/div><\/div><\/a><div class='item-img'><img loading=\"lazy\" decoding=\"async\" width=\"360\" height=\"267\" src=\"http:\/\/www.philippe-zerbib-architecte.fr\/maison-ossature-bois-architecte\/wp-content\/uploads\/2016\/06\/1770487287414-1-360x267.jpg\" class=\"attachment-post-thumb attachment-post-thumb size-post-thumb wp-post-image\" alt=\"\" \/><\/div><\/article><a class='portfolio-title' href=http:\/\/www.philippe-zerbib-architecte.fr\/maison-ossature-bois-architecte\/portfolio\/maison-individuelle-a-ossature-bois-a-montgeron\/><h2 class='text-center'>Maison individuelle \u00e0 ossature bois \u00e0 Montgeron<\/h2><\/a><div class='subtitle text-center'><\/div><\/li><li class='isotope-item maison-bois col-xs-6 col-md-6'><article class='inner'><a class='item-hover' href=http:\/\/www.philippe-zerbib-architecte.fr\/maison-ossature-bois-architecte\/portfolio\/chigny-les-roses\/><div class='mask'><\/div><div class='item-info'><div class='headline'><h2><i class='fa fa-link'><\/i><\/h2><\/div><\/div><\/a><div class='item-img'><img loading=\"lazy\" decoding=\"async\" width=\"360\" height=\"267\" src=\"http:\/\/www.philippe-zerbib-architecte.fr\/maison-ossature-bois-architecte\/wp-content\/uploads\/2016\/08\/1766673246602-360x267.jpg\" class=\"attachment-post-thumb attachment-post-thumb size-post-thumb wp-post-image\" alt=\"\" \/><\/div><\/article><a class='portfolio-title' href=http:\/\/www.philippe-zerbib-architecte.fr\/maison-ossature-bois-architecte\/portfolio\/chigny-les-roses\/><h2 class='text-center'>Chigny-les-Roses<\/h2><\/a><div class='subtitle text-center'><\/div><\/li><\/ul>[\/vc_column][\/vc_row]<\/p>\n","protected":false},"excerpt":{"rendered":"<p>[vc_row][vc_column][vc_column_text] Nous devons cr\u00e9er des espaces architecturaux dans lesquels il est possible de susciter autant qu&rsquo;il l&rsquo;est \u00e0 travers la po\u00e9sie et la musique, la surprise, la d\u00e9couverte, la stimulation intellectuelle, la paix et la joie de vivre. Tadao Ando&#8230;<\/p>\n","protected":false},"author":3,"featured_media":0,"parent":598,"menu_order":0,"comment_status":"closed","ping_status":"closed","template":"","meta":{"_monsterinsights_skip_tracking":false,"_monsterinsights_sitenote_active":false,"_monsterinsights_sitenote_note":"","_monsterinsights_sitenote_category":0,"footnotes":""},"class_list":["post-1122","page","type-page","status-publish","hentry"],"_links":{"self":[{"href":"http:\/\/www.philippe-zerbib-architecte.fr\/maison-ossature-bois-architecte\/wp-json\/wp\/v2\/pages\/1122","targetHints":{"allow":["GET"]}}],"collection":[{"href":"http:\/\/www.philippe-zerbib-architecte.fr\/maison-ossature-bois-architecte\/wp-json\/wp\/v2\/pages"}],"about":[{"href":"http:\/\/www.philippe-zerbib-architecte.fr\/maison-ossature-bois-architecte\/wp-json\/wp\/v2\/types\/page"}],"author":[{"embeddable":true,"href":"http:\/\/www.philippe-zerbib-architecte.fr\/maison-ossature-bois-architecte\/wp-json\/wp\/v2\/users\/3"}],"replies":[{"embeddable":true,"href":"http:\/\/www.philippe-zerbib-architecte.fr\/maison-ossature-bois-architecte\/wp-json\/wp\/v2\/comments?post=1122"}],"version-history":[{"count":13,"href":"http:\/\/www.philippe-zerbib-architecte.fr\/maison-ossature-bois-architecte\/wp-json\/wp\/v2\/pages\/1122\/revisions"}],"predecessor-version":[{"id":2780,"href":"http:\/\/www.philippe-zerbib-architecte.fr\/maison-ossature-bois-architecte\/wp-json\/wp\/v2\/pages\/1122\/revisions\/2780"}],"up":[{"embeddable":true,"href":"http:\/\/www.philippe-zerbib-architecte.fr\/maison-ossature-bois-architecte\/wp-json\/wp\/v2\/pages\/598"}],"wp:attachment":[{"href":"http:\/\/www.philippe-zerbib-architecte.fr\/maison-ossature-bois-architecte\/wp-json\/wp\/v2\/media?parent=1122"}],"curies":[{"name":"wp","href":"https:\/\/api.w.org\/{rel}","templated":true}]}}